{"id":1173,"date":"2024-01-12T17:19:51","date_gmt":"2024-01-12T17:19:51","guid":{"rendered":"https:\/\/spinnerdynamics.com\/oportunidades-rh\/"},"modified":"2024-01-12T17:19:54","modified_gmt":"2024-01-12T17:19:54","slug":"oportunidades-rh","status":"publish","type":"page","link":"https:\/\/spinnerdynamics.com\/pt-pt\/oportunidades-rh\/","title":{"rendered":"Oportunidades RH"},"content":{"rendered":"\t\t<div data-elementor-type=\"wp-page\" data-elementor-id=\"1173\" class=\"elementor elementor-1173 elementor-1127\">\n\t\t\t\t\t\t<section class=\"elementor-section elementor-top-section elementor-element elementor-element-76d07f1 elementor-section-height-min-height elementor-section-boxed elementor-section-height-default elementor-section-items-middle\" data-id=\"76d07f1\" data-element_type=\"section\" data-e-type=\"section\" data-settings=\"{&quot;background_background&quot;:&quot;classic&quot;}\">\n\t\t\t\t\t\t\t<div class=\"elementor-background-overlay\"><\/div>\n\t\t\t\t\t\t\t<div class=\"elementor-container elementor-column-gap-no\">\n\t\t\t\t\t<div class=\"elementor-column elementor-col-100 elementor-top-column elementor-element elementor-element-88f3f01\" data-id=\"88f3f01\" data-element_type=\"column\" data-e-type=\"column\">\n\t\t\t<div class=\"elementor-widget-wrap elementor-element-populated\">\n\t\t\t\t\t\t<div class=\"elementor-element elementor-element-c5157d7 elementor-widget elementor-widget-heading\" data-id=\"c5157d7\" data-element_type=\"widget\" data-e-type=\"widget\" data-widget_type=\"heading.default\">\n\t\t\t\t<div class=\"elementor-widget-container\">\n\t\t\t\t\t<h1 class=\"elementor-heading-title elementor-size-default\">Oportunidades<\/h1>\t\t\t\t<\/div>\n\t\t\t\t<\/div>\n\t\t\t\t\t<\/div>\n\t\t<\/div>\n\t\t\t\t\t<\/div>\n\t\t<\/section>\n\t\t\t\t<section class=\"elementor-section elementor-top-section elementor-element elementor-element-1b9558f elementor-section-boxed elementor-section-height-default elementor-section-height-default\" data-id=\"1b9558f\" data-element_type=\"section\" data-e-type=\"section\">\n\t\t\t\t\t\t<div class=\"elementor-container elementor-column-gap-default\">\n\t\t\t\t\t<div class=\"elementor-column elementor-col-100 elementor-top-column elementor-element elementor-element-3f0dca2\" data-id=\"3f0dca2\" data-element_type=\"column\" data-e-type=\"column\">\n\t\t\t<div class=\"elementor-widget-wrap elementor-element-populated\">\n\t\t\t\t\t\t<div class=\"elementor-element elementor-element-44e8c8c elementor-widget elementor-widget-heading\" data-id=\"44e8c8c\" data-element_type=\"widget\" data-e-type=\"widget\" data-widget_type=\"heading.default\">\n\t\t\t\t<div class=\"elementor-widget-container\">\n\t\t\t\t\t<h2 class=\"elementor-heading-title elementor-size-default\">Oferta n\u00ba 58925330 - T\u00e9cnico\/a Comercial \/ Marketing<\/h2>\t\t\t\t<\/div>\n\t\t\t\t<\/div>\n\t\t\t\t\t<\/div>\n\t\t<\/div>\n\t\t\t\t\t<\/div>\n\t\t<\/section>\n\t\t\t\t<section class=\"elementor-section elementor-top-section elementor-element elementor-element-eeb2a1e elementor-section-boxed elementor-section-height-default elementor-section-height-default\" data-id=\"eeb2a1e\" data-element_type=\"section\" data-e-type=\"section\">\n\t\t\t\t\t\t<div class=\"elementor-container elementor-column-gap-default\">\n\t\t\t\t\t<div class=\"elementor-column elementor-col-100 elementor-top-column elementor-element elementor-element-7125622\" data-id=\"7125622\" data-element_type=\"column\" data-e-type=\"column\">\n\t\t\t<div class=\"elementor-widget-wrap elementor-element-populated\">\n\t\t\t\t\t\t<div class=\"elementor-element elementor-element-c4071c6 elementor-widget elementor-widget-text-editor\" data-id=\"c4071c6\" data-element_type=\"widget\" data-e-type=\"widget\" data-widget_type=\"text-editor.default\">\n\t\t\t\t<div class=\"elementor-widget-container\">\n\t\t\t\t\t\t\t\t\t<h3><strong>Descri\u00e7\u00e3o das fun\u00e7\u00f5es:<\/strong><\/h3>\n\t\t\t\t\t\t\t\t<\/div>\n\t\t\t\t<\/div>\n\t\t\t\t<div class=\"elementor-element elementor-element-345a684 elementor-widget elementor-widget-text-editor\" data-id=\"345a684\" data-element_type=\"widget\" data-e-type=\"widget\" data-widget_type=\"text-editor.default\">\n\t\t\t\t<div class=\"elementor-widget-container\">\n\t\t\t\t\t\t\t\t\t<ul>\n<li>Desenho e implementa\u00e7\u00e3o de estrat\u00e9gias de abordagem ao mercado (Go-To-Market)<\/li>\n<li>Desenho e implementa\u00e7\u00e3o de estrat\u00e9gias de comunica\u00e7\u00e3o para os diversos segmentos de mercado<\/li>\n<li>Prospec\u00e7\u00e3o de mercado<\/li>\n<li>Promover o esp\u00edrito de equipa e o cumprimento de objetivos comerciais<\/li>\n<li>Apoio \u00e0s actividades de comercializa\u00e7\u00e3o de produtos t\u00e9cnicos<\/li>\n<li>Suporte ao desenvolvimento de mercado<\/li>\n<\/ul>\n\t\t\t\t\t\t\t\t<\/div>\n\t\t\t\t<\/div>\n\t\t\t\t<div class=\"elementor-element elementor-element-947394c elementor-widget elementor-widget-text-editor\" data-id=\"947394c\" data-element_type=\"widget\" data-e-type=\"widget\" data-widget_type=\"text-editor.default\">\n\t\t\t\t<div class=\"elementor-widget-container\">\n\t\t\t\t\t\t\t\t\t<h3><strong>Requisitos:<\/strong><\/h3>\n\t\t\t\t\t\t\t\t<\/div>\n\t\t\t\t<\/div>\n\t\t\t\t<div class=\"elementor-element elementor-element-48314d3 elementor-widget elementor-widget-text-editor\" data-id=\"48314d3\" data-element_type=\"widget\" data-e-type=\"widget\" data-widget_type=\"text-editor.default\">\n\t\t\t\t<div class=\"elementor-widget-container\">\n\t\t\t\t\t\t\t\t\t<ul>\n<li>Licenciatura ou TesP ou Qualifica\u00e7\u00e3o de n\u00edvel p\u00f3s-secund\u00e1rio n\u00e3o superior com cr\u00e9ditos para o prosseguimento de n\u00edvel superior (N\u00edvel 5 ou 6) \u2013 <strong><span style=\"text-decoration: underline;\">Mandat\u00f3rio<\/span><\/strong><\/li>\n<li>Elevada capacidade de comunica\u00e7\u00e3o e esp\u00edrito de equipa<\/li>\n<li>Capacidade de planeamento e organiza\u00e7\u00e3o<\/li>\n<li>Gosto pela ind\u00fastria metalomec\u00e2nica<\/li>\n<li>Conhecimentos de ingl\u00eas<\/li>\n<li>Forma\u00e7\u00e3o em vendas e\/ou marketing e\/ou comunica\u00e7\u00e3o \u2013 preferencial<\/li>\n<\/ul>\n\t\t\t\t\t\t\t\t<\/div>\n\t\t\t\t<\/div>\n\t\t\t\t<div class=\"elementor-element elementor-element-5ada934 elementor-widget elementor-widget-text-editor\" data-id=\"5ada934\" data-element_type=\"widget\" data-e-type=\"widget\" data-widget_type=\"text-editor.default\">\n\t\t\t\t<div class=\"elementor-widget-container\">\n\t\t\t\t\t\t\t\t\t<h3>Vantagens:<\/h3>\n\t\t\t\t\t\t\t\t<\/div>\n\t\t\t\t<\/div>\n\t\t\t\t<div class=\"elementor-element elementor-element-41707f5 elementor-widget elementor-widget-text-editor\" data-id=\"41707f5\" data-element_type=\"widget\" data-e-type=\"widget\" data-widget_type=\"text-editor.default\">\n\t\t\t\t<div class=\"elementor-widget-container\">\n\t\t\t\t\t\t\t\t\t<ul>\n<li>Oportunidade de integrar uma empresa\/equipa disruptiva<\/li>\n<li>Oportunidade de criar o departamento comercial e marketing<\/li>\n<li>Seguran\u00e7a contratual<\/li>\n<li>Condi\u00e7\u00f5es atrativas de acordo com a experi\u00eancia demonstrada<\/li>\n<\/ul>\n\t\t\t\t\t\t\t\t<\/div>\n\t\t\t\t<\/div>\n\t\t\t\t<div class=\"elementor-element elementor-element-e6cbb2d elementor-widget elementor-widget-text-editor\" data-id=\"e6cbb2d\" data-element_type=\"widget\" data-e-type=\"widget\" data-widget_type=\"text-editor.default\">\n\t\t\t\t<div class=\"elementor-widget-container\">\n\t\t\t\t\t\t\t\t\t<p>Para candidatura envie CV e carta de motiva\u00e7\u00e3o para <a href=\"mailto:spinnerdynamics+recrutamento@gmail.com\">spinnerdynamics+recrutamento@gmail.com<\/a><\/p>\n\t\t\t\t\t\t\t\t<\/div>\n\t\t\t\t<\/div>\n\t\t\t\t\t<\/div>\n\t\t<\/div>\n\t\t\t\t\t<\/div>\n\t\t<\/section>\n\t\t\t\t<section class=\"elementor-section elementor-top-section elementor-element elementor-element-5248eb8 elementor-section-height-min-height elementor-section-boxed elementor-section-height-default elementor-section-items-middle\" data-id=\"5248eb8\" data-element_type=\"section\" data-e-type=\"section\" data-settings=\"{&quot;background_background&quot;:&quot;classic&quot;}\">\n\t\t\t\t\t\t\t<div class=\"elementor-background-overlay\"><\/div>\n\t\t\t\t\t\t\t<div class=\"elementor-container elementor-column-gap-no\">\n\t\t\t\t\t<div class=\"elementor-column elementor-col-100 elementor-top-column elementor-element elementor-element-16e6d0d\" data-id=\"16e6d0d\" data-element_type=\"column\" data-e-type=\"column\">\n\t\t\t<div class=\"elementor-widget-wrap\">\n\t\t\t\t\t\t\t<\/div>\n\t\t<\/div>\n\t\t\t\t\t<\/div>\n\t\t<\/section>\n\t\t\t\t<\/div>\n\t\t","protected":false},"excerpt":{"rendered":"<p>Oportunidades Oferta n\u00ba 58925330 &#8211; T\u00e9cnico\/a Comercial \/ Marketing Descri\u00e7\u00e3o das fun\u00e7\u00f5es: Desenho e implementa\u00e7\u00e3o de estrat\u00e9gias de abordagem ao mercado (Go-To-Market) Desenho e implementa\u00e7\u00e3o de estrat\u00e9gias de comunica\u00e7\u00e3o para os diversos segmentos de mercado Prospec\u00e7\u00e3o de mercado Promover o esp\u00edrito de equipa e o cumprimento de objetivos comerciais Apoio \u00e0s actividades de comercializa\u00e7\u00e3o de [&hellip;]<\/p>\n","protected":false},"author":1,"featured_media":0,"parent":0,"menu_order":0,"comment_status":"closed","ping_status":"closed","template":"","meta":{"site-sidebar-layout":"no-sidebar","site-content-layout":"page-builder","ast-site-content-layout":"full-width-container","site-content-style":"default","site-sidebar-style":"default","ast-global-header-display":"","ast-banner-title-visibility":"","ast-main-header-display":"","ast-hfb-above-header-display":"","ast-hfb-below-header-display":"","ast-hfb-mobile-header-display":"","site-post-title":"disabled","ast-breadcrumbs-content":"","ast-featured-img":"disabled","footer-sml-layout":"","ast-disable-related-posts":"","theme-transparent-header-meta":"","adv-header-id-meta":"","stick-header-meta":"","header-above-stick-meta":"","header-main-stick-meta":"","header-below-stick-meta":"","astra-migrate-meta-layouts":"default","ast-page-background-enabled":"default","ast-page-background-meta":{"desktop":{"background-color":"","background-image":"","background-repeat":"repeat","background-position":"center center","background-size":"auto","background-attachment":"scroll","background-type":"","background-media":"","overlay-type":"","overlay-color":"","overlay-opacity":"","overlay-gradient":""},"tablet":{"background-color":"","background-image":"","background-repeat":"repeat","background-position":"center center","background-size":"auto","background-attachment":"scroll","background-type":"","background-media":"","overlay-type":"","overlay-color":"","overlay-opacity":"","overlay-gradient":""},"mobile":{"background-color":"","background-image":"","background-repeat":"repeat","background-position":"center center","background-size":"auto","background-attachment":"scroll","background-type":"","background-media":"","overlay-type":"","overlay-color":"","overlay-opacity":"","overlay-gradient":""}},"ast-content-background-meta":{"desktop":{"background-color":"var(--ast-global-color-5)","background-image":"","background-repeat":"repeat","background-position":"center center","background-size":"auto","background-attachment":"scroll","background-type":"","background-media":"","overlay-type":"","overlay-color":"","overlay-opacity":"","overlay-gradient":""},"tablet":{"background-color":"var(--ast-global-color-5)","background-image":"","background-repeat":"repeat","background-position":"center center","background-size":"auto","background-attachment":"scroll","background-type":"","background-media":"","overlay-type":"","overlay-color":"","overlay-opacity":"","overlay-gradient":""},"mobile":{"background-color":"var(--ast-global-color-5)","background-image":"","background-repeat":"repeat","background-position":"center center","background-size":"auto","background-attachment":"scroll","background-type":"","background-media":"","overlay-type":"","overlay-color":"","overlay-opacity":"","overlay-gradient":""}},"footnotes":""},"class_list":["post-1173","page","type-page","status-publish","hentry"],"yoast_head":"<!-- This site is optimized with the Yoast SEO plugin v27.3 - https:\/\/yoast.com\/product\/yoast-seo-wordpress\/ -->\n<title>Engineering Solutions - Desinfection, Purification systems- Research and Development -Oportunidades RH - Spinner Dynamics<\/title>\n<meta name=\"description\" content=\"Spinner Dynamics applies multidisciplinary approaches to address large challenges, including model-based systems engineering. Desinfection, Purification systems- Research and Development 3D design. -Oportunidades RH - Spinner Dynamics\" \/>\n<meta name=\"robots\" content=\"index, follow, max-snippet:-1, max-image-preview:large, max-video-preview:-1\" \/>\n<link rel=\"canonical\" href=\"https:\/\/spinnerdynamics.com\/pt-pt\/oportunidades-rh\/\" \/>\n<meta property=\"og:locale\" content=\"pt_PT\" \/>\n<meta property=\"og:type\" content=\"article\" \/>\n<meta property=\"og:title\" content=\"Engineering Solutions - Desinfection, Purification systems- Research and Development -Oportunidades RH - Spinner Dynamics\" \/>\n<meta property=\"og:description\" content=\"Spinner Dynamics applies multidisciplinary approaches to address large challenges, including model-based systems engineering. Desinfection, Purification systems- Research and Development 3D design. -Oportunidades RH - Spinner Dynamics\" \/>\n<meta property=\"og:url\" content=\"https:\/\/spinnerdynamics.com\/pt-pt\/oportunidades-rh\/\" \/>\n<meta property=\"og:site_name\" content=\"Spinner Dynamics\" \/>\n<meta property=\"article:modified_time\" content=\"2024-01-12T17:19:54+00:00\" \/>\n<meta name=\"twitter:card\" content=\"summary_large_image\" \/>\n<meta name=\"twitter:label1\" content=\"Tempo estimado de leitura\" \/>\n\t<meta name=\"twitter:data1\" content=\"1 minuto\" \/>\n<script type=\"application\/ld+json\" class=\"yoast-schema-graph\">{\"@context\":\"https:\\\/\\\/schema.org\",\"@graph\":[{\"@type\":\"WebPage\",\"@id\":\"https:\\\/\\\/spinnerdynamics.com\\\/pt-pt\\\/oportunidades-rh\\\/\",\"url\":\"https:\\\/\\\/spinnerdynamics.com\\\/pt-pt\\\/oportunidades-rh\\\/\",\"name\":\"Engineering Solutions - Desinfection, Purification systems- Research and Development -Oportunidades RH - Spinner Dynamics\",\"isPartOf\":{\"@id\":\"https:\\\/\\\/spinnerdynamics.com\\\/pt-pt\\\/#website\"},\"datePublished\":\"2024-01-12T17:19:51+00:00\",\"dateModified\":\"2024-01-12T17:19:54+00:00\",\"description\":\"Spinner Dynamics applies multidisciplinary approaches to address large challenges, including model-based systems engineering. Desinfection, Purification systems- Research and Development 3D design. -Oportunidades RH - Spinner Dynamics\",\"breadcrumb\":{\"@id\":\"https:\\\/\\\/spinnerdynamics.com\\\/pt-pt\\\/oportunidades-rh\\\/#breadcrumb\"},\"inLanguage\":\"pt-PT\",\"potentialAction\":[{\"@type\":\"ReadAction\",\"target\":[\"https:\\\/\\\/spinnerdynamics.com\\\/pt-pt\\\/oportunidades-rh\\\/\"]}]},{\"@type\":\"BreadcrumbList\",\"@id\":\"https:\\\/\\\/spinnerdynamics.com\\\/pt-pt\\\/oportunidades-rh\\\/#breadcrumb\",\"itemListElement\":[{\"@type\":\"ListItem\",\"position\":1,\"name\":\"Home\",\"item\":\"https:\\\/\\\/spinnerdynamics.com\\\/pt-pt\\\/\"},{\"@type\":\"ListItem\",\"position\":2,\"name\":\"Oportunidades RH\"}]},{\"@type\":\"WebSite\",\"@id\":\"https:\\\/\\\/spinnerdynamics.com\\\/pt-pt\\\/#website\",\"url\":\"https:\\\/\\\/spinnerdynamics.com\\\/pt-pt\\\/\",\"name\":\"Spinner Dynamics\",\"description\":\"Advanced Engineering\",\"publisher\":{\"@id\":\"https:\\\/\\\/spinnerdynamics.com\\\/pt-pt\\\/#organization\"},\"potentialAction\":[{\"@type\":\"SearchAction\",\"target\":{\"@type\":\"EntryPoint\",\"urlTemplate\":\"https:\\\/\\\/spinnerdynamics.com\\\/pt-pt\\\/?s={search_term_string}\"},\"query-input\":{\"@type\":\"PropertyValueSpecification\",\"valueRequired\":true,\"valueName\":\"search_term_string\"}}],\"inLanguage\":\"pt-PT\"},{\"@type\":\"Organization\",\"@id\":\"https:\\\/\\\/spinnerdynamics.com\\\/pt-pt\\\/#organization\",\"name\":\"Spinner Dynamics\",\"url\":\"https:\\\/\\\/spinnerdynamics.com\\\/pt-pt\\\/\",\"logo\":{\"@type\":\"ImageObject\",\"inLanguage\":\"pt-PT\",\"@id\":\"https:\\\/\\\/spinnerdynamics.com\\\/pt-pt\\\/#\\\/schema\\\/logo\\\/image\\\/\",\"url\":\"https:\\\/\\\/spinnerdynamics.com\\\/wp-content\\\/uploads\\\/2022\\\/04\\\/cropped-H_WTL_White_ReducedSize.png\",\"contentUrl\":\"https:\\\/\\\/spinnerdynamics.com\\\/wp-content\\\/uploads\\\/2022\\\/04\\\/cropped-H_WTL_White_ReducedSize.png\",\"width\":1075,\"height\":156,\"caption\":\"Spinner Dynamics\"},\"image\":{\"@id\":\"https:\\\/\\\/spinnerdynamics.com\\\/pt-pt\\\/#\\\/schema\\\/logo\\\/image\\\/\"}}]}<\/script>\n<!-- \/ Yoast SEO plugin. -->","yoast_head_json":{"title":"Engineering Solutions - Desinfection, Purification systems- Research and Development -Oportunidades RH - Spinner Dynamics","description":"Spinner Dynamics applies multidisciplinary approaches to address large challenges, including model-based systems engineering. Desinfection, Purification systems- Research and Development 3D design. -Oportunidades RH - Spinner Dynamics","robots":{"index":"index","follow":"follow","max-snippet":"max-snippet:-1","max-image-preview":"max-image-preview:large","max-video-preview":"max-video-preview:-1"},"canonical":"https:\/\/spinnerdynamics.com\/pt-pt\/oportunidades-rh\/","og_locale":"pt_PT","og_type":"article","og_title":"Engineering Solutions - Desinfection, Purification systems- Research and Development -Oportunidades RH - Spinner Dynamics","og_description":"Spinner Dynamics applies multidisciplinary approaches to address large challenges, including model-based systems engineering. Desinfection, Purification systems- Research and Development 3D design. -Oportunidades RH - Spinner Dynamics","og_url":"https:\/\/spinnerdynamics.com\/pt-pt\/oportunidades-rh\/","og_site_name":"Spinner Dynamics","article_modified_time":"2024-01-12T17:19:54+00:00","twitter_card":"summary_large_image","twitter_misc":{"Tempo estimado de leitura":"1 minuto"},"schema":{"@context":"https:\/\/schema.org","@graph":[{"@type":"WebPage","@id":"https:\/\/spinnerdynamics.com\/pt-pt\/oportunidades-rh\/","url":"https:\/\/spinnerdynamics.com\/pt-pt\/oportunidades-rh\/","name":"Engineering Solutions - Desinfection, Purification systems- Research and Development -Oportunidades RH - Spinner Dynamics","isPartOf":{"@id":"https:\/\/spinnerdynamics.com\/pt-pt\/#website"},"datePublished":"2024-01-12T17:19:51+00:00","dateModified":"2024-01-12T17:19:54+00:00","description":"Spinner Dynamics applies multidisciplinary approaches to address large challenges, including model-based systems engineering. Desinfection, Purification systems- Research and Development 3D design. -Oportunidades RH - Spinner Dynamics","breadcrumb":{"@id":"https:\/\/spinnerdynamics.com\/pt-pt\/oportunidades-rh\/#breadcrumb"},"inLanguage":"pt-PT","potentialAction":[{"@type":"ReadAction","target":["https:\/\/spinnerdynamics.com\/pt-pt\/oportunidades-rh\/"]}]},{"@type":"BreadcrumbList","@id":"https:\/\/spinnerdynamics.com\/pt-pt\/oportunidades-rh\/#breadcrumb","itemListElement":[{"@type":"ListItem","position":1,"name":"Home","item":"https:\/\/spinnerdynamics.com\/pt-pt\/"},{"@type":"ListItem","position":2,"name":"Oportunidades RH"}]},{"@type":"WebSite","@id":"https:\/\/spinnerdynamics.com\/pt-pt\/#website","url":"https:\/\/spinnerdynamics.com\/pt-pt\/","name":"Spinner Dynamics","description":"Advanced Engineering","publisher":{"@id":"https:\/\/spinnerdynamics.com\/pt-pt\/#organization"},"potentialAction":[{"@type":"SearchAction","target":{"@type":"EntryPoint","urlTemplate":"https:\/\/spinnerdynamics.com\/pt-pt\/?s={search_term_string}"},"query-input":{"@type":"PropertyValueSpecification","valueRequired":true,"valueName":"search_term_string"}}],"inLanguage":"pt-PT"},{"@type":"Organization","@id":"https:\/\/spinnerdynamics.com\/pt-pt\/#organization","name":"Spinner Dynamics","url":"https:\/\/spinnerdynamics.com\/pt-pt\/","logo":{"@type":"ImageObject","inLanguage":"pt-PT","@id":"https:\/\/spinnerdynamics.com\/pt-pt\/#\/schema\/logo\/image\/","url":"https:\/\/spinnerdynamics.com\/wp-content\/uploads\/2022\/04\/cropped-H_WTL_White_ReducedSize.png","contentUrl":"https:\/\/spinnerdynamics.com\/wp-content\/uploads\/2022\/04\/cropped-H_WTL_White_ReducedSize.png","width":1075,"height":156,"caption":"Spinner Dynamics"},"image":{"@id":"https:\/\/spinnerdynamics.com\/pt-pt\/#\/schema\/logo\/image\/"}}]}},"_links":{"self":[{"href":"https:\/\/spinnerdynamics.com\/pt-pt\/wp-json\/wp\/v2\/pages\/1173","targetHints":{"allow":["GET"]}}],"collection":[{"href":"https:\/\/spinnerdynamics.com\/pt-pt\/wp-json\/wp\/v2\/pages"}],"about":[{"href":"https:\/\/spinnerdynamics.com\/pt-pt\/wp-json\/wp\/v2\/types\/page"}],"author":[{"embeddable":true,"href":"https:\/\/spinnerdynamics.com\/pt-pt\/wp-json\/wp\/v2\/users\/1"}],"replies":[{"embeddable":true,"href":"https:\/\/spinnerdynamics.com\/pt-pt\/wp-json\/wp\/v2\/comments?post=1173"}],"version-history":[{"count":3,"href":"https:\/\/spinnerdynamics.com\/pt-pt\/wp-json\/wp\/v2\/pages\/1173\/revisions"}],"predecessor-version":[{"id":1176,"href":"https:\/\/spinnerdynamics.com\/pt-pt\/wp-json\/wp\/v2\/pages\/1173\/revisions\/1176"}],"wp:attachment":[{"href":"https:\/\/spinnerdynamics.com\/pt-pt\/wp-json\/wp\/v2\/media?parent=1173"}],"curies":[{"name":"wp","href":"https:\/\/api.w.org\/{rel}","templated":true}]}}