{"id":1268,"date":"2024-03-28T12:11:43","date_gmt":"2024-03-28T12:11:43","guid":{"rendered":"https:\/\/spinnerdynamics.com\/desinfecao\/germirrad-purificador-avancado-de-ar-com-uv-c\/"},"modified":"2024-03-28T12:11:43","modified_gmt":"2024-03-28T12:11:43","slug":"germirrad-purificador-avancado-de-ar-com-uv-c","status":"publish","type":"page","link":"https:\/\/spinnerdynamics.com\/pt-pt\/desinfecao\/germirrad-purificador-avancado-de-ar-com-uv-c\/","title":{"rendered":"GermIrrad &#8211; Purificador Avan\u00e7ado de Ar com UV-C"},"content":{"rendered":"<h2>GermIrrad Purificador de Ar<\/h2>\n<p>\t\t\t\t\t\t\t\t\t\t\t\t\t<img fetchpriority=\"high\" decoding=\"async\" width=\"217\" height=\"300\" src=\"https:\/\/spinnerdynamics.com\/wp-content\/uploads\/2024\/03\/1629969330868-217x300.png\" alt=\"\" srcset=\"https:\/\/spinnerdynamics.com\/wp-content\/uploads\/2024\/03\/1629969330868-217x300.png 217w, https:\/\/spinnerdynamics.com\/wp-content\/uploads\/2024\/03\/1629969330868-739x1024.png 739w, https:\/\/spinnerdynamics.com\/wp-content\/uploads\/2024\/03\/1629969330868-768x1064.png 768w, https:\/\/spinnerdynamics.com\/wp-content\/uploads\/2024\/03\/1629969330868-1109x1536.png 1109w, https:\/\/spinnerdynamics.com\/wp-content\/uploads\/2024\/03\/1629969330868.png 1132w\" sizes=\"(max-width: 217px) 100vw, 217px\" \/>\t\t\t\t\t\t\t\t\t\t\t\t\t<\/p>\n<p>GermIrrad Purificador de Ar com fun\u00e7\u00e3o de desinfe\u00e7\u00e3o<\/p>\n<p>O purificador de ar Germirrad \u00e9 uma solu\u00e7\u00e3o f\u00e1cil de utilizar e adapt\u00e1vel a qualquer divis\u00e3o. Integra a filtragem do ar com a desinfe\u00e7\u00e3o por irradia\u00e7\u00e3o germicida. <\/p>\n<p>&#8211; Filtra part\u00edculas finas<\/p>\n<p>&#8211; Inativa\u00e7\u00e3o de germes, bact\u00e9rias e v\u00edrus<\/p>\n<p>&#8211; Redu\u00e7\u00e3o de odores, bolores e p\u00f3lenes<\/p>\n<p>&#8211; Elevada taxa de renova\u00e7\u00e3o de ar &#8211; 480 m3\/h<\/p>\n<p>&#8211; Sistema silencioso &#8211; entre 35 e 65 dB<\/p>\n<p>&#8211; Manuten\u00e7\u00e3o simples e reduzida<\/p>\n<\/p>\n<p>O ar interior \u00e9 2 a 5 vezes mais polu\u00eddo do que o ar exterior e pode ser 100 vezes mais prejudicial para a nossa sa\u00fade e bem-estar.<\/p>\n<p>*<b>1<\/b> &#8211; <b>Data from the US Environmental Protection Agency- EPA<\/b><\/p>\n<p>\t\t\t<a href=\"https:\/\/www.worten.pt\/grandes-eletrodomesticos\/climatizacao\/purificadores-de-ar\/f\/marca\/GERMIRRAD\" target=\"_blank\" rel=\"noopener\"><br \/>\n\t\t\t\t\t\tLoja<br \/>\n\t\t\t\t\t<\/a><\/p>\n<h2><u><b>Dados da Ag\u00eancia de Prote\u00e7\u00e3o Ambiental dos EUA (EPA)<\/b><\/u><\/h2>\n<h2><b>8 N\u00edveis de purifica\u00e7\u00e3o<\/b><\/h2>\n<p>\t\t\t\t\t\t\t\t\t\t\t\t\t<img decoding=\"async\" width=\"1344\" height=\"463\" src=\"https:\/\/spinnerdynamics.com\/wp-content\/uploads\/2024\/03\/8-Levels-of-Purification.png\" alt=\"\" srcset=\"https:\/\/spinnerdynamics.com\/wp-content\/uploads\/2024\/03\/8-Levels-of-Purification.png 1344w, https:\/\/spinnerdynamics.com\/wp-content\/uploads\/2024\/03\/8-Levels-of-Purification-300x103.png 300w, https:\/\/spinnerdynamics.com\/wp-content\/uploads\/2024\/03\/8-Levels-of-Purification-1024x353.png 1024w, https:\/\/spinnerdynamics.com\/wp-content\/uploads\/2024\/03\/8-Levels-of-Purification-768x265.png 768w\" sizes=\"(max-width: 1344px) 100vw, 1344px\" \/><\/p>\n","protected":false},"excerpt":{"rendered":"<p>GermIrrad Purificador de Ar GermIrrad Purificador de Ar com fun\u00e7\u00e3o de desinfe\u00e7\u00e3o O purificador de ar Germirrad \u00e9 uma solu\u00e7\u00e3o f\u00e1cil de utilizar e adapt\u00e1vel a qualquer divis\u00e3o. Integra a filtragem do ar com a desinfe\u00e7\u00e3o por irradia\u00e7\u00e3o germicida. &#8211; Filtra part\u00edculas finas &#8211; Inativa\u00e7\u00e3o de germes, bact\u00e9rias e v\u00edrus &#8211; Redu\u00e7\u00e3o de odores, bolores [&hellip;]<\/p>\n","protected":false},"author":1,"featured_media":0,"parent":892,"menu_order":0,"comment_status":"closed","ping_status":"closed","template":"","meta":{"site-sidebar-layout":"no-sidebar","site-content-layout":"page-builder","ast-site-content-layout":"full-width-container","site-content-style":"unboxed","site-sidebar-style":"unboxed","ast-global-header-display":"","ast-banner-title-visibility":"","ast-main-header-display":"","ast-hfb-above-header-display":"","ast-hfb-below-header-display":"","ast-hfb-mobile-header-display":"","site-post-title":"disabled","ast-breadcrumbs-content":"","ast-featured-img":"disabled","footer-sml-layout":"","ast-disable-related-posts":"","theme-transparent-header-meta":"","adv-header-id-meta":"","stick-header-meta":"","header-above-stick-meta":"","header-main-stick-meta":"","header-below-stick-meta":"","astra-migrate-meta-layouts":"default","ast-page-background-enabled":"default","ast-page-background-meta":{"desktop":{"background-color":"","background-image":"","background-repeat":"repeat","background-position":"center center","background-size":"auto","background-attachment":"scroll","background-type":"","background-media":"","overlay-type":"","overlay-color":"","overlay-opacity":"","overlay-gradient":""},"tablet":{"background-color":"","background-image":"","background-repeat":"repeat","background-position":"center center","background-size":"auto","background-attachment":"scroll","background-type":"","background-media":"","overlay-type":"","overlay-color":"","overlay-opacity":"","overlay-gradient":""},"mobile":{"background-color":"","background-image":"","background-repeat":"repeat","background-position":"center center","background-size":"auto","background-attachment":"scroll","background-type":"","background-media":"","overlay-type":"","overlay-color":"","overlay-opacity":"","overlay-gradient":""}},"ast-content-background-meta":{"desktop":{"background-color":"var(--ast-global-color-5)","background-image":"","background-repeat":"repeat","background-position":"center center","background-size":"auto","background-attachment":"scroll","background-type":"","background-media":"","overlay-type":"","overlay-color":"","overlay-opacity":"","overlay-gradient":""},"tablet":{"background-color":"var(--ast-global-color-5)","background-image":"","background-repeat":"repeat","background-position":"center center","background-size":"auto","background-attachment":"scroll","background-type":"","background-media":"","overlay-type":"","overlay-color":"","overlay-opacity":"","overlay-gradient":""},"mobile":{"background-color":"var(--ast-global-color-5)","background-image":"","background-repeat":"repeat","background-position":"center center","background-size":"auto","background-attachment":"scroll","background-type":"","background-media":"","overlay-type":"","overlay-color":"","overlay-opacity":"","overlay-gradient":""}},"footnotes":""},"class_list":["post-1268","page","type-page","status-publish","hentry"],"yoast_head":"<!-- This site is optimized with the Yoast SEO plugin v27.3 - https:\/\/yoast.com\/product\/yoast-seo-wordpress\/ -->\n<title>Engineering Solutions - Desinfection, Purification systems- Research and Development -GermIrrad - Purificador Avan\u00e7ado de Ar com UV-C - Spinner Dynamics<\/title>\n<meta name=\"description\" content=\"Spinner Dynamics applies multidisciplinary approaches to address large challenges, including model-based systems engineering. Desinfection, Purification systems- Research and Development 3D design. -GermIrrad - Purificador Avan\u00e7ado de Ar com UV-C - Spinner Dynamics\" \/>\n<meta name=\"robots\" content=\"index, follow, max-snippet:-1, max-image-preview:large, max-video-preview:-1\" \/>\n<link rel=\"canonical\" href=\"https:\/\/spinnerdynamics.com\/pt-pt\/desinfecao\/germirrad-purificador-avancado-de-ar-com-uv-c\/\" \/>\n<meta property=\"og:locale\" content=\"pt_PT\" \/>\n<meta property=\"og:type\" content=\"article\" \/>\n<meta property=\"og:title\" content=\"Engineering Solutions - Desinfection, Purification systems- Research and Development -GermIrrad - Purificador Avan\u00e7ado de Ar com UV-C - Spinner Dynamics\" \/>\n<meta property=\"og:description\" content=\"Spinner Dynamics applies multidisciplinary approaches to address large challenges, including model-based systems engineering. Desinfection, Purification systems- Research and Development 3D design. -GermIrrad - Purificador Avan\u00e7ado de Ar com UV-C - Spinner Dynamics\" \/>\n<meta property=\"og:url\" content=\"https:\/\/spinnerdynamics.com\/pt-pt\/desinfecao\/germirrad-purificador-avancado-de-ar-com-uv-c\/\" \/>\n<meta property=\"og:site_name\" content=\"Spinner Dynamics\" \/>\n<meta property=\"og:image\" content=\"https:\/\/spinnerdynamics.com\/wp-content\/uploads\/2024\/03\/1629969330868-217x300.png\" \/>\n<meta name=\"twitter:card\" content=\"summary_large_image\" \/>\n<meta name=\"twitter:label1\" content=\"Tempo estimado de leitura\" \/>\n\t<meta name=\"twitter:data1\" content=\"1 minuto\" \/>\n<script type=\"application\/ld+json\" class=\"yoast-schema-graph\">{\"@context\":\"https:\\\/\\\/schema.org\",\"@graph\":[{\"@type\":\"WebPage\",\"@id\":\"https:\\\/\\\/spinnerdynamics.com\\\/pt-pt\\\/desinfecao\\\/germirrad-purificador-avancado-de-ar-com-uv-c\\\/\",\"url\":\"https:\\\/\\\/spinnerdynamics.com\\\/pt-pt\\\/desinfecao\\\/germirrad-purificador-avancado-de-ar-com-uv-c\\\/\",\"name\":\"Engineering Solutions - Desinfection, Purification systems- Research and Development -GermIrrad - Purificador Avan\u00e7ado de Ar com UV-C - Spinner Dynamics\",\"isPartOf\":{\"@id\":\"https:\\\/\\\/spinnerdynamics.com\\\/pt-pt\\\/#website\"},\"primaryImageOfPage\":{\"@id\":\"https:\\\/\\\/spinnerdynamics.com\\\/pt-pt\\\/desinfecao\\\/germirrad-purificador-avancado-de-ar-com-uv-c\\\/#primaryimage\"},\"image\":{\"@id\":\"https:\\\/\\\/spinnerdynamics.com\\\/pt-pt\\\/desinfecao\\\/germirrad-purificador-avancado-de-ar-com-uv-c\\\/#primaryimage\"},\"thumbnailUrl\":\"https:\\\/\\\/spinnerdynamics.com\\\/wp-content\\\/uploads\\\/2024\\\/03\\\/1629969330868-217x300.png\",\"datePublished\":\"2024-03-28T12:11:43+00:00\",\"description\":\"Spinner Dynamics applies multidisciplinary approaches to address large challenges, including model-based systems engineering. Desinfection, Purification systems- Research and Development 3D design. -GermIrrad - Purificador Avan\u00e7ado de Ar com UV-C - Spinner Dynamics\",\"breadcrumb\":{\"@id\":\"https:\\\/\\\/spinnerdynamics.com\\\/pt-pt\\\/desinfecao\\\/germirrad-purificador-avancado-de-ar-com-uv-c\\\/#breadcrumb\"},\"inLanguage\":\"pt-PT\",\"potentialAction\":[{\"@type\":\"ReadAction\",\"target\":[\"https:\\\/\\\/spinnerdynamics.com\\\/pt-pt\\\/desinfecao\\\/germirrad-purificador-avancado-de-ar-com-uv-c\\\/\"]}]},{\"@type\":\"ImageObject\",\"inLanguage\":\"pt-PT\",\"@id\":\"https:\\\/\\\/spinnerdynamics.com\\\/pt-pt\\\/desinfecao\\\/germirrad-purificador-avancado-de-ar-com-uv-c\\\/#primaryimage\",\"url\":\"https:\\\/\\\/spinnerdynamics.com\\\/wp-content\\\/uploads\\\/2024\\\/03\\\/1629969330868-217x300.png\",\"contentUrl\":\"https:\\\/\\\/spinnerdynamics.com\\\/wp-content\\\/uploads\\\/2024\\\/03\\\/1629969330868-217x300.png\"},{\"@type\":\"BreadcrumbList\",\"@id\":\"https:\\\/\\\/spinnerdynamics.com\\\/pt-pt\\\/desinfecao\\\/germirrad-purificador-avancado-de-ar-com-uv-c\\\/#breadcrumb\",\"itemListElement\":[{\"@type\":\"ListItem\",\"position\":1,\"name\":\"Home\",\"item\":\"https:\\\/\\\/spinnerdynamics.com\\\/pt-pt\\\/\"},{\"@type\":\"ListItem\",\"position\":2,\"name\":\"Desinfe\u00e7\u00e3o\",\"item\":\"https:\\\/\\\/spinnerdynamics.com\\\/pt-pt\\\/desinfecao\\\/\"},{\"@type\":\"ListItem\",\"position\":3,\"name\":\"GermIrrad &#8211; Purificador Avan\u00e7ado de Ar com UV-C\"}]},{\"@type\":\"WebSite\",\"@id\":\"https:\\\/\\\/spinnerdynamics.com\\\/pt-pt\\\/#website\",\"url\":\"https:\\\/\\\/spinnerdynamics.com\\\/pt-pt\\\/\",\"name\":\"Spinner Dynamics\",\"description\":\"Advanced Engineering\",\"publisher\":{\"@id\":\"https:\\\/\\\/spinnerdynamics.com\\\/pt-pt\\\/#organization\"},\"potentialAction\":[{\"@type\":\"SearchAction\",\"target\":{\"@type\":\"EntryPoint\",\"urlTemplate\":\"https:\\\/\\\/spinnerdynamics.com\\\/pt-pt\\\/?s={search_term_string}\"},\"query-input\":{\"@type\":\"PropertyValueSpecification\",\"valueRequired\":true,\"valueName\":\"search_term_string\"}}],\"inLanguage\":\"pt-PT\"},{\"@type\":\"Organization\",\"@id\":\"https:\\\/\\\/spinnerdynamics.com\\\/pt-pt\\\/#organization\",\"name\":\"Spinner Dynamics\",\"url\":\"https:\\\/\\\/spinnerdynamics.com\\\/pt-pt\\\/\",\"logo\":{\"@type\":\"ImageObject\",\"inLanguage\":\"pt-PT\",\"@id\":\"https:\\\/\\\/spinnerdynamics.com\\\/pt-pt\\\/#\\\/schema\\\/logo\\\/image\\\/\",\"url\":\"https:\\\/\\\/spinnerdynamics.com\\\/wp-content\\\/uploads\\\/2022\\\/04\\\/cropped-H_WTL_White_ReducedSize.png\",\"contentUrl\":\"https:\\\/\\\/spinnerdynamics.com\\\/wp-content\\\/uploads\\\/2022\\\/04\\\/cropped-H_WTL_White_ReducedSize.png\",\"width\":1075,\"height\":156,\"caption\":\"Spinner Dynamics\"},\"image\":{\"@id\":\"https:\\\/\\\/spinnerdynamics.com\\\/pt-pt\\\/#\\\/schema\\\/logo\\\/image\\\/\"}}]}<\/script>\n<!-- \/ Yoast SEO plugin. -->","yoast_head_json":{"title":"Engineering Solutions - Desinfection, Purification systems- Research and Development -GermIrrad - Purificador Avan\u00e7ado de Ar com UV-C - Spinner Dynamics","description":"Spinner Dynamics applies multidisciplinary approaches to address large challenges, including model-based systems engineering. Desinfection, Purification systems- Research and Development 3D design. -GermIrrad - Purificador Avan\u00e7ado de Ar com UV-C - Spinner Dynamics","robots":{"index":"index","follow":"follow","max-snippet":"max-snippet:-1","max-image-preview":"max-image-preview:large","max-video-preview":"max-video-preview:-1"},"canonical":"https:\/\/spinnerdynamics.com\/pt-pt\/desinfecao\/germirrad-purificador-avancado-de-ar-com-uv-c\/","og_locale":"pt_PT","og_type":"article","og_title":"Engineering Solutions - Desinfection, Purification systems- Research and Development -GermIrrad - Purificador Avan\u00e7ado de Ar com UV-C - Spinner Dynamics","og_description":"Spinner Dynamics applies multidisciplinary approaches to address large challenges, including model-based systems engineering. Desinfection, Purification systems- Research and Development 3D design. -GermIrrad - Purificador Avan\u00e7ado de Ar com UV-C - Spinner Dynamics","og_url":"https:\/\/spinnerdynamics.com\/pt-pt\/desinfecao\/germirrad-purificador-avancado-de-ar-com-uv-c\/","og_site_name":"Spinner Dynamics","og_image":[{"url":"https:\/\/spinnerdynamics.com\/wp-content\/uploads\/2024\/03\/1629969330868-217x300.png","type":"","width":"","height":""}],"twitter_card":"summary_large_image","twitter_misc":{"Tempo estimado de leitura":"1 minuto"},"schema":{"@context":"https:\/\/schema.org","@graph":[{"@type":"WebPage","@id":"https:\/\/spinnerdynamics.com\/pt-pt\/desinfecao\/germirrad-purificador-avancado-de-ar-com-uv-c\/","url":"https:\/\/spinnerdynamics.com\/pt-pt\/desinfecao\/germirrad-purificador-avancado-de-ar-com-uv-c\/","name":"Engineering Solutions - Desinfection, Purification systems- Research and Development -GermIrrad - Purificador Avan\u00e7ado de Ar com UV-C - Spinner Dynamics","isPartOf":{"@id":"https:\/\/spinnerdynamics.com\/pt-pt\/#website"},"primaryImageOfPage":{"@id":"https:\/\/spinnerdynamics.com\/pt-pt\/desinfecao\/germirrad-purificador-avancado-de-ar-com-uv-c\/#primaryimage"},"image":{"@id":"https:\/\/spinnerdynamics.com\/pt-pt\/desinfecao\/germirrad-purificador-avancado-de-ar-com-uv-c\/#primaryimage"},"thumbnailUrl":"https:\/\/spinnerdynamics.com\/wp-content\/uploads\/2024\/03\/1629969330868-217x300.png","datePublished":"2024-03-28T12:11:43+00:00","description":"Spinner Dynamics applies multidisciplinary approaches to address large challenges, including model-based systems engineering. Desinfection, Purification systems- Research and Development 3D design. -GermIrrad - Purificador Avan\u00e7ado de Ar com UV-C - Spinner Dynamics","breadcrumb":{"@id":"https:\/\/spinnerdynamics.com\/pt-pt\/desinfecao\/germirrad-purificador-avancado-de-ar-com-uv-c\/#breadcrumb"},"inLanguage":"pt-PT","potentialAction":[{"@type":"ReadAction","target":["https:\/\/spinnerdynamics.com\/pt-pt\/desinfecao\/germirrad-purificador-avancado-de-ar-com-uv-c\/"]}]},{"@type":"ImageObject","inLanguage":"pt-PT","@id":"https:\/\/spinnerdynamics.com\/pt-pt\/desinfecao\/germirrad-purificador-avancado-de-ar-com-uv-c\/#primaryimage","url":"https:\/\/spinnerdynamics.com\/wp-content\/uploads\/2024\/03\/1629969330868-217x300.png","contentUrl":"https:\/\/spinnerdynamics.com\/wp-content\/uploads\/2024\/03\/1629969330868-217x300.png"},{"@type":"BreadcrumbList","@id":"https:\/\/spinnerdynamics.com\/pt-pt\/desinfecao\/germirrad-purificador-avancado-de-ar-com-uv-c\/#breadcrumb","itemListElement":[{"@type":"ListItem","position":1,"name":"Home","item":"https:\/\/spinnerdynamics.com\/pt-pt\/"},{"@type":"ListItem","position":2,"name":"Desinfe\u00e7\u00e3o","item":"https:\/\/spinnerdynamics.com\/pt-pt\/desinfecao\/"},{"@type":"ListItem","position":3,"name":"GermIrrad &#8211; Purificador Avan\u00e7ado de Ar com UV-C"}]},{"@type":"WebSite","@id":"https:\/\/spinnerdynamics.com\/pt-pt\/#website","url":"https:\/\/spinnerdynamics.com\/pt-pt\/","name":"Spinner Dynamics","description":"Advanced Engineering","publisher":{"@id":"https:\/\/spinnerdynamics.com\/pt-pt\/#organization"},"potentialAction":[{"@type":"SearchAction","target":{"@type":"EntryPoint","urlTemplate":"https:\/\/spinnerdynamics.com\/pt-pt\/?s={search_term_string}"},"query-input":{"@type":"PropertyValueSpecification","valueRequired":true,"valueName":"search_term_string"}}],"inLanguage":"pt-PT"},{"@type":"Organization","@id":"https:\/\/spinnerdynamics.com\/pt-pt\/#organization","name":"Spinner Dynamics","url":"https:\/\/spinnerdynamics.com\/pt-pt\/","logo":{"@type":"ImageObject","inLanguage":"pt-PT","@id":"https:\/\/spinnerdynamics.com\/pt-pt\/#\/schema\/logo\/image\/","url":"https:\/\/spinnerdynamics.com\/wp-content\/uploads\/2022\/04\/cropped-H_WTL_White_ReducedSize.png","contentUrl":"https:\/\/spinnerdynamics.com\/wp-content\/uploads\/2022\/04\/cropped-H_WTL_White_ReducedSize.png","width":1075,"height":156,"caption":"Spinner Dynamics"},"image":{"@id":"https:\/\/spinnerdynamics.com\/pt-pt\/#\/schema\/logo\/image\/"}}]}},"_links":{"self":[{"href":"https:\/\/spinnerdynamics.com\/pt-pt\/wp-json\/wp\/v2\/pages\/1268","targetHints":{"allow":["GET"]}}],"collection":[{"href":"https:\/\/spinnerdynamics.com\/pt-pt\/wp-json\/wp\/v2\/pages"}],"about":[{"href":"https:\/\/spinnerdynamics.com\/pt-pt\/wp-json\/wp\/v2\/types\/page"}],"author":[{"embeddable":true,"href":"https:\/\/spinnerdynamics.com\/pt-pt\/wp-json\/wp\/v2\/users\/1"}],"replies":[{"embeddable":true,"href":"https:\/\/spinnerdynamics.com\/pt-pt\/wp-json\/wp\/v2\/comments?post=1268"}],"version-history":[{"count":1,"href":"https:\/\/spinnerdynamics.com\/pt-pt\/wp-json\/wp\/v2\/pages\/1268\/revisions"}],"predecessor-version":[{"id":1269,"href":"https:\/\/spinnerdynamics.com\/pt-pt\/wp-json\/wp\/v2\/pages\/1268\/revisions\/1269"}],"up":[{"embeddable":true,"href":"https:\/\/spinnerdynamics.com\/pt-pt\/wp-json\/wp\/v2\/pages\/892"}],"wp:attachment":[{"href":"https:\/\/spinnerdynamics.com\/pt-pt\/wp-json\/wp\/v2\/media?parent=1268"}],"curies":[{"name":"wp","href":"https:\/\/api.w.org\/{rel}","templated":true}]}}