{"id":768,"date":"2022-11-06T18:14:05","date_gmt":"2022-11-06T18:14:05","guid":{"rendered":"https:\/\/spinnerdynamics.com\/servicos\/"},"modified":"2022-11-06T18:14:06","modified_gmt":"2022-11-06T18:14:06","slug":"servicos","status":"publish","type":"page","link":"https:\/\/spinnerdynamics.com\/pt-pt\/servicos\/","title":{"rendered":"Servi\u00e7os"},"content":{"rendered":"\t\t<div data-elementor-type=\"wp-page\" data-elementor-id=\"768\" class=\"elementor elementor-768 elementor-32\">\n\t\t\t\t\t\t<section class=\"elementor-section elementor-top-section elementor-element elementor-element-1b0a5d33 elementor-section-boxed elementor-section-height-default elementor-section-height-default\" data-id=\"1b0a5d33\" data-element_type=\"section\" data-e-type=\"section\" data-settings=\"{&quot;background_background&quot;:&quot;classic&quot;}\">\n\t\t\t\t\t\t\t<div class=\"elementor-background-overlay\"><\/div>\n\t\t\t\t\t\t\t<div class=\"elementor-container elementor-column-gap-default\">\n\t\t\t\t\t<div class=\"elementor-column elementor-col-100 elementor-top-column elementor-element elementor-element-1f841ba\" data-id=\"1f841ba\" data-element_type=\"column\" data-e-type=\"column\">\n\t\t\t<div class=\"elementor-widget-wrap elementor-element-populated\">\n\t\t\t\t\t\t<div class=\"elementor-element elementor-element-365ba0bd elementor-widget elementor-widget-heading\" data-id=\"365ba0bd\" data-element_type=\"widget\" data-e-type=\"widget\" data-widget_type=\"heading.default\">\n\t\t\t\t<div class=\"elementor-widget-container\">\n\t\t\t\t\t<h1 class=\"elementor-heading-title elementor-size-default\">Servi\u00e7os<\/h1>\t\t\t\t<\/div>\n\t\t\t\t<\/div>\n\t\t\t\t\t<\/div>\n\t\t<\/div>\n\t\t\t\t\t<\/div>\n\t\t<\/section>\n\t\t\t\t<section class=\"elementor-section elementor-top-section elementor-element elementor-element-4d2c9e9 elementor-reverse-mobile elementor-section-boxed elementor-section-height-default elementor-section-height-default\" data-id=\"4d2c9e9\" data-element_type=\"section\" data-e-type=\"section\">\n\t\t\t\t\t\t<div class=\"elementor-container elementor-column-gap-no\">\n\t\t\t\t\t<div class=\"elementor-column elementor-col-50 elementor-top-column elementor-element elementor-element-1148300\" data-id=\"1148300\" data-element_type=\"column\" data-e-type=\"column\">\n\t\t\t<div class=\"elementor-widget-wrap elementor-element-populated\">\n\t\t\t\t\t\t<div class=\"elementor-element elementor-element-5070b618 elementor-widget elementor-widget-heading\" data-id=\"5070b618\" data-element_type=\"widget\" data-e-type=\"widget\" data-widget_type=\"heading.default\">\n\t\t\t\t<div class=\"elementor-widget-container\">\n\t\t\t\t\t<h2 class=\"elementor-heading-title elementor-size-default\">Disinfection Lighting Systems<\/h2>\t\t\t\t<\/div>\n\t\t\t\t<\/div>\n\t\t\t\t<div class=\"elementor-element elementor-element-62d352e2 elementor-widget elementor-widget-text-editor\" data-id=\"62d352e2\" data-element_type=\"widget\" data-e-type=\"widget\" data-widget_type=\"text-editor.default\">\n\t\t\t\t<div class=\"elementor-widget-container\">\n\t\t\t\t\t\t\t\t\t<p>Oferecemos sistemas de desinfec\u00e7\u00e3o automatizados baseados em luz germicida e atomizador desinfetante.<\/p>\n\t\t\t\t\t\t\t\t<\/div>\n\t\t\t\t<\/div>\n\t\t\t\t\t<\/div>\n\t\t<\/div>\n\t\t\t\t<div class=\"elementor-column elementor-col-50 elementor-top-column elementor-element elementor-element-7285665\" data-id=\"7285665\" data-element_type=\"column\" data-e-type=\"column\">\n\t\t\t<div class=\"elementor-widget-wrap elementor-element-populated\">\n\t\t\t\t\t\t<div class=\"elementor-element elementor-element-508aa5f0 elementor-widget elementor-widget-image\" data-id=\"508aa5f0\" data-element_type=\"widget\" data-e-type=\"widget\" data-widget_type=\"image.default\">\n\t\t\t\t<div class=\"elementor-widget-container\">\n\t\t\t\t\t\t\t\t\t\t\t\t\t\t\t<img fetchpriority=\"high\" decoding=\"async\" width=\"1024\" height=\"681\" src=\"https:\/\/spinnerdynamics.com\/wp-content\/uploads\/2020\/06\/glowing-2245832_1920-1-1024x681.jpg\" class=\"attachment-large size-large wp-image-727\" alt=\"\" srcset=\"https:\/\/spinnerdynamics.com\/wp-content\/uploads\/2020\/06\/glowing-2245832_1920-1-1024x681.jpg 1024w, https:\/\/spinnerdynamics.com\/wp-content\/uploads\/2020\/06\/glowing-2245832_1920-1-300x199.jpg 300w, https:\/\/spinnerdynamics.com\/wp-content\/uploads\/2020\/06\/glowing-2245832_1920-1-768x510.jpg 768w, https:\/\/spinnerdynamics.com\/wp-content\/uploads\/2020\/06\/glowing-2245832_1920-1-1536x1021.jpg 1536w, https:\/\/spinnerdynamics.com\/wp-content\/uploads\/2020\/06\/glowing-2245832_1920-1.jpg 1920w\" sizes=\"(max-width: 1024px) 100vw, 1024px\" \/>\t\t\t\t\t\t\t\t\t\t\t\t\t\t\t<\/div>\n\t\t\t\t<\/div>\n\t\t\t\t\t<\/div>\n\t\t<\/div>\n\t\t\t\t\t<\/div>\n\t\t<\/section>\n\t\t\t\t<section class=\"elementor-section elementor-top-section elementor-element elementor-element-9e09982 elementor-section-boxed elementor-section-height-default elementor-section-height-default\" data-id=\"9e09982\" data-element_type=\"section\" data-e-type=\"section\">\n\t\t\t\t\t\t<div class=\"elementor-container elementor-column-gap-no\">\n\t\t\t\t\t<div class=\"elementor-column elementor-col-50 elementor-top-column elementor-element elementor-element-4b9de95\" data-id=\"4b9de95\" data-element_type=\"column\" data-e-type=\"column\">\n\t\t\t<div class=\"elementor-widget-wrap elementor-element-populated\">\n\t\t\t\t\t\t<div class=\"elementor-element elementor-element-1fab74e0 elementor-widget elementor-widget-image\" data-id=\"1fab74e0\" data-element_type=\"widget\" data-e-type=\"widget\" data-widget_type=\"image.default\">\n\t\t\t\t<div class=\"elementor-widget-container\">\n\t\t\t\t\t\t\t\t\t\t\t\t\t\t\t<img decoding=\"async\" width=\"1024\" height=\"683\" src=\"https:\/\/spinnerdynamics.com\/wp-content\/uploads\/2020\/06\/people-laptop-industry-internet-132700-1024x683.jpg\" class=\"attachment-large size-large wp-image-728\" alt=\"\" srcset=\"https:\/\/spinnerdynamics.com\/wp-content\/uploads\/2020\/06\/people-laptop-industry-internet-132700-1024x683.jpg 1024w, https:\/\/spinnerdynamics.com\/wp-content\/uploads\/2020\/06\/people-laptop-industry-internet-132700-300x200.jpg 300w, https:\/\/spinnerdynamics.com\/wp-content\/uploads\/2020\/06\/people-laptop-industry-internet-132700-768x512.jpg 768w, https:\/\/spinnerdynamics.com\/wp-content\/uploads\/2020\/06\/people-laptop-industry-internet-132700-1536x1024.jpg 1536w, https:\/\/spinnerdynamics.com\/wp-content\/uploads\/2020\/06\/people-laptop-industry-internet-132700-2048x1365.jpg 2048w\" sizes=\"(max-width: 1024px) 100vw, 1024px\" \/>\t\t\t\t\t\t\t\t\t\t\t\t\t\t\t<\/div>\n\t\t\t\t<\/div>\n\t\t\t\t\t<\/div>\n\t\t<\/div>\n\t\t\t\t<div class=\"elementor-column elementor-col-50 elementor-top-column elementor-element elementor-element-ddc17dc\" data-id=\"ddc17dc\" data-element_type=\"column\" data-e-type=\"column\">\n\t\t\t<div class=\"elementor-widget-wrap elementor-element-populated\">\n\t\t\t\t\t\t<div class=\"elementor-element elementor-element-d8c8a33 elementor-widget elementor-widget-heading\" data-id=\"d8c8a33\" data-element_type=\"widget\" data-e-type=\"widget\" data-widget_type=\"heading.default\">\n\t\t\t\t<div class=\"elementor-widget-container\">\n\t\t\t\t\t<h2 class=\"elementor-heading-title elementor-size-default\">Design de produto avan\u00e7ado<\/h2>\t\t\t\t<\/div>\n\t\t\t\t<\/div>\n\t\t\t\t<div class=\"elementor-element elementor-element-3437ae6 elementor-widget elementor-widget-text-editor\" data-id=\"3437ae6\" data-element_type=\"widget\" data-e-type=\"widget\" data-widget_type=\"text-editor.default\">\n\t\t\t\t<div class=\"elementor-widget-container\">\n\t\t\t\t\t\t\t\t\t<p>A nossa equipa tem uma forte base de engenharia e fornece o servi\u00e7o de design integrado de produtos mec\u00e2nicos e el\u00e9tricos.<\/p>\n\t\t\t\t\t\t\t\t<\/div>\n\t\t\t\t<\/div>\n\t\t\t\t\t<\/div>\n\t\t<\/div>\n\t\t\t\t\t<\/div>\n\t\t<\/section>\n\t\t\t\t<section class=\"elementor-section elementor-top-section elementor-element elementor-element-6027d0f elementor-reverse-mobile elementor-section-boxed elementor-section-height-default elementor-section-height-default\" data-id=\"6027d0f\" data-element_type=\"section\" data-e-type=\"section\">\n\t\t\t\t\t\t<div class=\"elementor-container elementor-column-gap-no\">\n\t\t\t\t\t<div class=\"elementor-column elementor-col-50 elementor-top-column elementor-element elementor-element-355c572\" data-id=\"355c572\" data-element_type=\"column\" data-e-type=\"column\">\n\t\t\t<div class=\"elementor-widget-wrap elementor-element-populated\">\n\t\t\t\t\t\t<div class=\"elementor-element elementor-element-8b4473b elementor-widget elementor-widget-heading\" data-id=\"8b4473b\" data-element_type=\"widget\" data-e-type=\"widget\" data-widget_type=\"heading.default\">\n\t\t\t\t<div class=\"elementor-widget-container\">\n\t\t\t\t\t<h2 class=\"elementor-heading-title elementor-size-default\">Engenharia\/Consultoria Tecnol\u00f3gica<\/h2>\t\t\t\t<\/div>\n\t\t\t\t<\/div>\n\t\t\t\t<div class=\"elementor-element elementor-element-8962406 elementor-widget elementor-widget-text-editor\" data-id=\"8962406\" data-element_type=\"widget\" data-e-type=\"widget\" data-widget_type=\"text-editor.default\">\n\t\t\t\t<div class=\"elementor-widget-container\">\n\t\t\t\t\t\t\t\t\t<p>Podemos ajudar na transforma\u00e7\u00e3o tecnol\u00f3gica da sua organiza\u00e7\u00e3o.<\/p>\n\t\t\t\t\t\t\t\t<\/div>\n\t\t\t\t<\/div>\n\t\t\t\t\t<\/div>\n\t\t<\/div>\n\t\t\t\t<div class=\"elementor-column elementor-col-50 elementor-top-column elementor-element elementor-element-623a32c\" data-id=\"623a32c\" data-element_type=\"column\" data-e-type=\"column\">\n\t\t\t<div class=\"elementor-widget-wrap elementor-element-populated\">\n\t\t\t\t\t\t<div class=\"elementor-element elementor-element-628e670 elementor-widget elementor-widget-image\" data-id=\"628e670\" data-element_type=\"widget\" data-e-type=\"widget\" data-widget_type=\"image.default\">\n\t\t\t\t<div class=\"elementor-widget-container\">\n\t\t\t\t\t\t\t\t\t\t\t\t\t\t\t<img decoding=\"async\" width=\"1024\" height=\"682\" src=\"https:\/\/spinnerdynamics.com\/wp-content\/uploads\/2020\/06\/printer-4348150_1280-1024x682.jpg\" class=\"attachment-large size-large wp-image-725\" alt=\"\" srcset=\"https:\/\/spinnerdynamics.com\/wp-content\/uploads\/2020\/06\/printer-4348150_1280-1024x682.jpg 1024w, https:\/\/spinnerdynamics.com\/wp-content\/uploads\/2020\/06\/printer-4348150_1280-300x200.jpg 300w, https:\/\/spinnerdynamics.com\/wp-content\/uploads\/2020\/06\/printer-4348150_1280-768x512.jpg 768w, https:\/\/spinnerdynamics.com\/wp-content\/uploads\/2020\/06\/printer-4348150_1280.jpg 1280w\" sizes=\"(max-width: 1024px) 100vw, 1024px\" \/>\t\t\t\t\t\t\t\t\t\t\t\t\t\t\t<\/div>\n\t\t\t\t<\/div>\n\t\t\t\t\t<\/div>\n\t\t<\/div>\n\t\t\t\t\t<\/div>\n\t\t<\/section>\n\t\t\t\t<\/div>\n\t\t","protected":false},"excerpt":{"rendered":"<p>Servi\u00e7os Disinfection Lighting Systems Oferecemos sistemas de desinfec\u00e7\u00e3o automatizados baseados em luz germicida e atomizador desinfetante. Design de produto avan\u00e7ado A nossa equipa tem uma forte base de engenharia e fornece o servi\u00e7o de design integrado de produtos mec\u00e2nicos e el\u00e9tricos. Engenharia\/Consultoria Tecnol\u00f3gica Podemos ajudar na transforma\u00e7\u00e3o tecnol\u00f3gica da sua organiza\u00e7\u00e3o.<\/p>\n","protected":false},"author":1,"featured_media":0,"parent":0,"menu_order":0,"comment_status":"closed","ping_status":"closed","template":"","meta":{"site-sidebar-layout":"no-sidebar","site-content-layout":"page-builder","ast-site-content-layout":"default","site-content-style":"default","site-sidebar-style":"default","ast-global-header-display":"","ast-banner-title-visibility":"","ast-main-header-display":"","ast-hfb-above-header-display":"","ast-hfb-below-header-display":"","ast-hfb-mobile-header-display":"","site-post-title":"disabled","ast-breadcrumbs-content":"","ast-featured-img":"","footer-sml-layout":"","ast-disable-related-posts":"","theme-transparent-header-meta":"enabled","adv-header-id-meta":"","stick-header-meta":"","header-above-stick-meta":"","header-main-stick-meta":"","header-below-stick-meta":"","astra-migrate-meta-layouts":"default","ast-page-background-enabled":"default","ast-page-background-meta":{"desktop":{"background-color":"","background-image":"","background-repeat":"repeat","background-position":"center center","background-size":"auto","background-attachment":"scroll","background-type":"","background-media":"","overlay-type":"","overlay-color":"","overlay-opacity":"","overlay-gradient":""},"tablet":{"background-color":"","background-image":"","background-repeat":"repeat","background-position":"center center","background-size":"auto","background-attachment":"scroll","background-type":"","background-media":"","overlay-type":"","overlay-color":"","overlay-opacity":"","overlay-gradient":""},"mobile":{"background-color":"","background-image":"","background-repeat":"repeat","background-position":"center center","background-size":"auto","background-attachment":"scroll","background-type":"","background-media":"","overlay-type":"","overlay-color":"","overlay-opacity":"","overlay-gradient":""}},"ast-content-background-meta":{"desktop":{"background-color":"var(--ast-global-color-5)","background-image":"","background-repeat":"repeat","background-position":"center center","background-size":"auto","background-attachment":"scroll","background-type":"","background-media":"","overlay-type":"","overlay-color":"","overlay-opacity":"","overlay-gradient":""},"tablet":{"background-color":"var(--ast-global-color-5)","background-image":"","background-repeat":"repeat","background-position":"center center","background-size":"auto","background-attachment":"scroll","background-type":"","background-media":"","overlay-type":"","overlay-color":"","overlay-opacity":"","overlay-gradient":""},"mobile":{"background-color":"var(--ast-global-color-5)","background-image":"","background-repeat":"repeat","background-position":"center center","background-size":"auto","background-attachment":"scroll","background-type":"","background-media":"","overlay-type":"","overlay-color":"","overlay-opacity":"","overlay-gradient":""}},"footnotes":""},"class_list":["post-768","page","type-page","status-publish","hentry"],"yoast_head":"<!-- This site is optimized with the Yoast SEO plugin v27.3 - https:\/\/yoast.com\/product\/yoast-seo-wordpress\/ -->\n<title>Engineering Solutions - Desinfection, Purification systems- Research and Development -Servi\u00e7os - Spinner Dynamics<\/title>\n<meta name=\"description\" content=\"Spinner Dynamics applies multidisciplinary approaches to address large challenges, including model-based systems engineering. Desinfection, Purification systems- Research and Development 3D design. -Servi\u00e7os - Spinner Dynamics\" \/>\n<meta name=\"robots\" content=\"index, follow, max-snippet:-1, max-image-preview:large, max-video-preview:-1\" \/>\n<link rel=\"canonical\" href=\"https:\/\/spinnerdynamics.com\/pt-pt\/servicos\/\" \/>\n<meta property=\"og:locale\" content=\"pt_PT\" \/>\n<meta property=\"og:type\" content=\"article\" \/>\n<meta property=\"og:title\" content=\"Engineering Solutions - Desinfection, Purification systems- Research and Development -Servi\u00e7os - Spinner Dynamics\" \/>\n<meta property=\"og:description\" content=\"Spinner Dynamics applies multidisciplinary approaches to address large challenges, including model-based systems engineering. Desinfection, Purification systems- Research and Development 3D design. -Servi\u00e7os - Spinner Dynamics\" \/>\n<meta property=\"og:url\" content=\"https:\/\/spinnerdynamics.com\/pt-pt\/servicos\/\" \/>\n<meta property=\"og:site_name\" content=\"Spinner Dynamics\" \/>\n<meta property=\"article:modified_time\" content=\"2022-11-06T18:14:06+00:00\" \/>\n<meta property=\"og:image\" content=\"https:\/\/spinnerdynamics.com\/wp-content\/uploads\/2020\/06\/glowing-2245832_1920-1-1024x681.jpg\" \/>\n<meta name=\"twitter:card\" content=\"summary_large_image\" \/>\n<script type=\"application\/ld+json\" class=\"yoast-schema-graph\">{\"@context\":\"https:\\\/\\\/schema.org\",\"@graph\":[{\"@type\":\"WebPage\",\"@id\":\"https:\\\/\\\/spinnerdynamics.com\\\/pt-pt\\\/servicos\\\/\",\"url\":\"https:\\\/\\\/spinnerdynamics.com\\\/pt-pt\\\/servicos\\\/\",\"name\":\"Engineering Solutions - Desinfection, Purification systems- Research and Development -Servi\u00e7os - Spinner Dynamics\",\"isPartOf\":{\"@id\":\"https:\\\/\\\/spinnerdynamics.com\\\/pt-pt\\\/#website\"},\"primaryImageOfPage\":{\"@id\":\"https:\\\/\\\/spinnerdynamics.com\\\/pt-pt\\\/servicos\\\/#primaryimage\"},\"image\":{\"@id\":\"https:\\\/\\\/spinnerdynamics.com\\\/pt-pt\\\/servicos\\\/#primaryimage\"},\"thumbnailUrl\":\"https:\\\/\\\/spinnerdynamics.com\\\/wp-content\\\/uploads\\\/2020\\\/06\\\/glowing-2245832_1920-1-1024x681.jpg\",\"datePublished\":\"2022-11-06T18:14:05+00:00\",\"dateModified\":\"2022-11-06T18:14:06+00:00\",\"description\":\"Spinner Dynamics applies multidisciplinary approaches to address large challenges, including model-based systems engineering. Desinfection, Purification systems- Research and Development 3D design. -Servi\u00e7os - Spinner Dynamics\",\"breadcrumb\":{\"@id\":\"https:\\\/\\\/spinnerdynamics.com\\\/pt-pt\\\/servicos\\\/#breadcrumb\"},\"inLanguage\":\"pt-PT\",\"potentialAction\":[{\"@type\":\"ReadAction\",\"target\":[\"https:\\\/\\\/spinnerdynamics.com\\\/pt-pt\\\/servicos\\\/\"]}]},{\"@type\":\"ImageObject\",\"inLanguage\":\"pt-PT\",\"@id\":\"https:\\\/\\\/spinnerdynamics.com\\\/pt-pt\\\/servicos\\\/#primaryimage\",\"url\":\"https:\\\/\\\/spinnerdynamics.com\\\/wp-content\\\/uploads\\\/2020\\\/06\\\/glowing-2245832_1920-1-1024x681.jpg\",\"contentUrl\":\"https:\\\/\\\/spinnerdynamics.com\\\/wp-content\\\/uploads\\\/2020\\\/06\\\/glowing-2245832_1920-1-1024x681.jpg\"},{\"@type\":\"BreadcrumbList\",\"@id\":\"https:\\\/\\\/spinnerdynamics.com\\\/pt-pt\\\/servicos\\\/#breadcrumb\",\"itemListElement\":[{\"@type\":\"ListItem\",\"position\":1,\"name\":\"Home\",\"item\":\"https:\\\/\\\/spinnerdynamics.com\\\/pt-pt\\\/\"},{\"@type\":\"ListItem\",\"position\":2,\"name\":\"Servi\u00e7os\"}]},{\"@type\":\"WebSite\",\"@id\":\"https:\\\/\\\/spinnerdynamics.com\\\/pt-pt\\\/#website\",\"url\":\"https:\\\/\\\/spinnerdynamics.com\\\/pt-pt\\\/\",\"name\":\"Spinner Dynamics\",\"description\":\"Advanced Engineering\",\"publisher\":{\"@id\":\"https:\\\/\\\/spinnerdynamics.com\\\/pt-pt\\\/#organization\"},\"potentialAction\":[{\"@type\":\"SearchAction\",\"target\":{\"@type\":\"EntryPoint\",\"urlTemplate\":\"https:\\\/\\\/spinnerdynamics.com\\\/pt-pt\\\/?s={search_term_string}\"},\"query-input\":{\"@type\":\"PropertyValueSpecification\",\"valueRequired\":true,\"valueName\":\"search_term_string\"}}],\"inLanguage\":\"pt-PT\"},{\"@type\":\"Organization\",\"@id\":\"https:\\\/\\\/spinnerdynamics.com\\\/pt-pt\\\/#organization\",\"name\":\"Spinner Dynamics\",\"url\":\"https:\\\/\\\/spinnerdynamics.com\\\/pt-pt\\\/\",\"logo\":{\"@type\":\"ImageObject\",\"inLanguage\":\"pt-PT\",\"@id\":\"https:\\\/\\\/spinnerdynamics.com\\\/pt-pt\\\/#\\\/schema\\\/logo\\\/image\\\/\",\"url\":\"https:\\\/\\\/spinnerdynamics.com\\\/wp-content\\\/uploads\\\/2022\\\/04\\\/cropped-H_WTL_White_ReducedSize.png\",\"contentUrl\":\"https:\\\/\\\/spinnerdynamics.com\\\/wp-content\\\/uploads\\\/2022\\\/04\\\/cropped-H_WTL_White_ReducedSize.png\",\"width\":1075,\"height\":156,\"caption\":\"Spinner Dynamics\"},\"image\":{\"@id\":\"https:\\\/\\\/spinnerdynamics.com\\\/pt-pt\\\/#\\\/schema\\\/logo\\\/image\\\/\"}}]}<\/script>\n<!-- \/ Yoast SEO plugin. -->","yoast_head_json":{"title":"Engineering Solutions - Desinfection, Purification systems- Research and Development -Servi\u00e7os - Spinner Dynamics","description":"Spinner Dynamics applies multidisciplinary approaches to address large challenges, including model-based systems engineering. Desinfection, Purification systems- Research and Development 3D design. -Servi\u00e7os - Spinner Dynamics","robots":{"index":"index","follow":"follow","max-snippet":"max-snippet:-1","max-image-preview":"max-image-preview:large","max-video-preview":"max-video-preview:-1"},"canonical":"https:\/\/spinnerdynamics.com\/pt-pt\/servicos\/","og_locale":"pt_PT","og_type":"article","og_title":"Engineering Solutions - Desinfection, Purification systems- Research and Development -Servi\u00e7os - Spinner Dynamics","og_description":"Spinner Dynamics applies multidisciplinary approaches to address large challenges, including model-based systems engineering. Desinfection, Purification systems- Research and Development 3D design. -Servi\u00e7os - Spinner Dynamics","og_url":"https:\/\/spinnerdynamics.com\/pt-pt\/servicos\/","og_site_name":"Spinner Dynamics","article_modified_time":"2022-11-06T18:14:06+00:00","og_image":[{"url":"https:\/\/spinnerdynamics.com\/wp-content\/uploads\/2020\/06\/glowing-2245832_1920-1-1024x681.jpg","type":"","width":"","height":""}],"twitter_card":"summary_large_image","schema":{"@context":"https:\/\/schema.org","@graph":[{"@type":"WebPage","@id":"https:\/\/spinnerdynamics.com\/pt-pt\/servicos\/","url":"https:\/\/spinnerdynamics.com\/pt-pt\/servicos\/","name":"Engineering Solutions - Desinfection, Purification systems- Research and Development -Servi\u00e7os - Spinner Dynamics","isPartOf":{"@id":"https:\/\/spinnerdynamics.com\/pt-pt\/#website"},"primaryImageOfPage":{"@id":"https:\/\/spinnerdynamics.com\/pt-pt\/servicos\/#primaryimage"},"image":{"@id":"https:\/\/spinnerdynamics.com\/pt-pt\/servicos\/#primaryimage"},"thumbnailUrl":"https:\/\/spinnerdynamics.com\/wp-content\/uploads\/2020\/06\/glowing-2245832_1920-1-1024x681.jpg","datePublished":"2022-11-06T18:14:05+00:00","dateModified":"2022-11-06T18:14:06+00:00","description":"Spinner Dynamics applies multidisciplinary approaches to address large challenges, including model-based systems engineering. Desinfection, Purification systems- Research and Development 3D design. -Servi\u00e7os - Spinner Dynamics","breadcrumb":{"@id":"https:\/\/spinnerdynamics.com\/pt-pt\/servicos\/#breadcrumb"},"inLanguage":"pt-PT","potentialAction":[{"@type":"ReadAction","target":["https:\/\/spinnerdynamics.com\/pt-pt\/servicos\/"]}]},{"@type":"ImageObject","inLanguage":"pt-PT","@id":"https:\/\/spinnerdynamics.com\/pt-pt\/servicos\/#primaryimage","url":"https:\/\/spinnerdynamics.com\/wp-content\/uploads\/2020\/06\/glowing-2245832_1920-1-1024x681.jpg","contentUrl":"https:\/\/spinnerdynamics.com\/wp-content\/uploads\/2020\/06\/glowing-2245832_1920-1-1024x681.jpg"},{"@type":"BreadcrumbList","@id":"https:\/\/spinnerdynamics.com\/pt-pt\/servicos\/#breadcrumb","itemListElement":[{"@type":"ListItem","position":1,"name":"Home","item":"https:\/\/spinnerdynamics.com\/pt-pt\/"},{"@type":"ListItem","position":2,"name":"Servi\u00e7os"}]},{"@type":"WebSite","@id":"https:\/\/spinnerdynamics.com\/pt-pt\/#website","url":"https:\/\/spinnerdynamics.com\/pt-pt\/","name":"Spinner Dynamics","description":"Advanced Engineering","publisher":{"@id":"https:\/\/spinnerdynamics.com\/pt-pt\/#organization"},"potentialAction":[{"@type":"SearchAction","target":{"@type":"EntryPoint","urlTemplate":"https:\/\/spinnerdynamics.com\/pt-pt\/?s={search_term_string}"},"query-input":{"@type":"PropertyValueSpecification","valueRequired":true,"valueName":"search_term_string"}}],"inLanguage":"pt-PT"},{"@type":"Organization","@id":"https:\/\/spinnerdynamics.com\/pt-pt\/#organization","name":"Spinner Dynamics","url":"https:\/\/spinnerdynamics.com\/pt-pt\/","logo":{"@type":"ImageObject","inLanguage":"pt-PT","@id":"https:\/\/spinnerdynamics.com\/pt-pt\/#\/schema\/logo\/image\/","url":"https:\/\/spinnerdynamics.com\/wp-content\/uploads\/2022\/04\/cropped-H_WTL_White_ReducedSize.png","contentUrl":"https:\/\/spinnerdynamics.com\/wp-content\/uploads\/2022\/04\/cropped-H_WTL_White_ReducedSize.png","width":1075,"height":156,"caption":"Spinner Dynamics"},"image":{"@id":"https:\/\/spinnerdynamics.com\/pt-pt\/#\/schema\/logo\/image\/"}}]}},"_links":{"self":[{"href":"https:\/\/spinnerdynamics.com\/pt-pt\/wp-json\/wp\/v2\/pages\/768","targetHints":{"allow":["GET"]}}],"collection":[{"href":"https:\/\/spinnerdynamics.com\/pt-pt\/wp-json\/wp\/v2\/pages"}],"about":[{"href":"https:\/\/spinnerdynamics.com\/pt-pt\/wp-json\/wp\/v2\/types\/page"}],"author":[{"embeddable":true,"href":"https:\/\/spinnerdynamics.com\/pt-pt\/wp-json\/wp\/v2\/users\/1"}],"replies":[{"embeddable":true,"href":"https:\/\/spinnerdynamics.com\/pt-pt\/wp-json\/wp\/v2\/comments?post=768"}],"version-history":[{"count":1,"href":"https:\/\/spinnerdynamics.com\/pt-pt\/wp-json\/wp\/v2\/pages\/768\/revisions"}],"predecessor-version":[{"id":769,"href":"https:\/\/spinnerdynamics.com\/pt-pt\/wp-json\/wp\/v2\/pages\/768\/revisions\/769"}],"wp:attachment":[{"href":"https:\/\/spinnerdynamics.com\/pt-pt\/wp-json\/wp\/v2\/media?parent=768"}],"curies":[{"name":"wp","href":"https:\/\/api.w.org\/{rel}","templated":true}]}}